{"id":7956,"date":"2026-01-02T01:40:23","date_gmt":"2026-01-02T00:40:23","guid":{"rendered":"https:\/\/radio-larouge.de\/?page_id=7956"},"modified":"2026-01-11T13:34:20","modified_gmt":"2026-01-11T12:34:20","slug":"impressum","status":"publish","type":"page","link":"https:\/\/radio-larouge.de\/?page_id=7956","title":{"rendered":"Impressum"},"content":{"rendered":"\t\t<div data-elementor-type=\"wp-page\" data-elementor-id=\"7956\" class=\"elementor elementor-7956\" data-elementor-post-type=\"page\">\n\t\t\t\t<div class=\"elementor-element elementor-element-ada67f7 e-con-full e-flex e-con e-parent\" data-id=\"ada67f7\" data-element_type=\"container\" data-e-type=\"container\">\n\t\t\t\t<div class=\"elementor-element elementor-element-3d833ad elementor-widget__width-inherit elementor-invisible elementor-widget elementor-widget-proradio-elementor-3dheader\" data-id=\"3d833ad\" data-element_type=\"widget\" data-e-type=\"widget\" data-settings=\"{&quot;motion_fx_motion_fx_scrolling&quot;:&quot;yes&quot;,&quot;motion_fx_motion_fx_mouse&quot;:&quot;yes&quot;,&quot;motion_fx_mouseTrack_effect&quot;:&quot;yes&quot;,&quot;motion_fx_mouseTrack_direction&quot;:&quot;negative&quot;,&quot;motion_fx_mouseTrack_speed&quot;:{&quot;unit&quot;:&quot;px&quot;,&quot;size&quot;:1.8,&quot;sizes&quot;:[]},&quot;motion_fx_tilt_effect&quot;:&quot;yes&quot;,&quot;_animation&quot;:&quot;fadeIn&quot;,&quot;motion_fx_devices&quot;:[&quot;desktop&quot;,&quot;tablet&quot;,&quot;mobile&quot;],&quot;motion_fx_tilt_speed&quot;:{&quot;unit&quot;:&quot;px&quot;,&quot;size&quot;:4,&quot;sizes&quot;:[]}}\" data-widget_type=\"proradio-elementor-3dheader.default\">\n\t\t\t\t<div class=\"elementor-widget-container\">\n\t\t\t\t\t\t\t\t<div class=\"elementor-shortcode\">\n\t\t<div id=\"3dheader--proradiodebde-impressum\" class=\"proradio-3dheader  proradio-3dheader--proradiodebde-impressum\">\n\t\t\t<div class=\"proradio-3dheader__wrapper\">\n\t\t\n\t\t\t\t\t\t\t\t\t<div class=\"proradio-3dheader__bg proradio-3dheader__bg--1\"><img decoding=\"async\" src=\"https:\/\/radio-larouge.de\/wp-content\/uploads\/2026\/01\/matrix-1799652_1280.jpg\" alt=\"Hintergrund\"><\/div>\n\t\t\t\t\t\t\t\t\t\n\t\t\t\t<div class=\"proradio-3dheader__contents\">\n\t\t\t\t\t<div class=\"proradio-3dheader__contents__caption\">\n\t\t\t\t\t\t<div class=\"proradio-section-caption proradio-section-caption--l\">\n\t\t\t\t\t\t\t<div class=\"proradio-3dheader__firstlevel\">\n\t\t\t\t\t\t\t\t\t\t\t\t\t\t\t\t\t<h1  class=\"proradio-center proradio-3dheader__top proradio-capfont proradio-3dheader--proradiodebde-impressum proradio-txtfx-oslo-container proradio-textfx-wrap \">\n\t\t\t\t\t\t\t\t\t\t\t\t\t\t\t\t\t\t\t\t\t\t<span class=\"proradio-txtfx proradio-txtfx--oslo\" data-qtwaypoints-offset=\"50\" data-qtwaypoints >\n\t\t\t\t\t\t\t\t\t\t\t\t\t<span>Impressum<\/span>\t\t\t\t\t\t\t\t\t\t\t\t<\/span>\n\t\t\t\t\t\t\t\t\t\t\t\t\t\t\t\t\t\t\t\t\t<\/h1>\n\t\t\t\t\t\t\t\t\t\t\t\t\t\t\t\t<\/div>\n\t\t\t\t\t\t<\/div>\n\t\t\t\t\t<\/div>\n\t\t\t\t<\/div>\n\t\t\t<\/div>\n\t\t<\/div>\n\t\t\t\t<div data-proradio-customstyles=\".proradio-3dheader--proradiodebde-impressum .proradio-txtfx--oslo, .proradio-3dheader--proradiodebde-impressum .proradio-3dheader--proradiodebde-impressum .proradio-txtfx--oslo::before { color: #DEDEDE00}\n\t\t\t\t\t\t\t\t\t\t\t\t.proradio-3dheader--proradiodebde-impressum .proradio-txtfx--oslo.proradio-active span  { color: #F7F3F3}\n\t\t\t\t\t\t\t\t\t\t\t\t.proradio-3dheader--proradiodebde-impressum .proradio-txtfx--oslo::before { border-color: #8224E3}\"><\/div>\n\t\t<\/div>\n\t\t\t\t\t\t\t<\/div>\n\t\t\t\t<\/div>\n\t\t\t\t<\/div>\n\t\t<div class=\"elementor-element elementor-element-44b3814 e-con-full e-flex e-con e-parent\" data-id=\"44b3814\" data-element_type=\"container\" data-e-type=\"container\" data-settings=\"{&quot;shape_divider_top&quot;:&quot;mountains&quot;,&quot;shape_divider_bottom&quot;:&quot;mountains&quot;}\">\n\t\t\t\t<div class=\"elementor-shape elementor-shape-top\" aria-hidden=\"true\" data-negative=\"false\">\n\t\t\t<svg xmlns=\"http:\/\/www.w3.org\/2000\/svg\" viewBox=\"0 0 1000 100\" preserveAspectRatio=\"none\">\n\t<path class=\"elementor-shape-fill\" opacity=\"0.33\" d=\"M473,67.3c-203.9,88.3-263.1-34-320.3,0C66,119.1,0,59.7,0,59.7V0h1000v59.7 c0,0-62.1,26.1-94.9,29.3c-32.8,3.3-62.8-12.3-75.8-22.1C806,49.6,745.3,8.7,694.9,4.7S492.4,59,473,67.3z\"\/>\n\t<path class=\"elementor-shape-fill\" opacity=\"0.66\" d=\"M734,67.3c-45.5,0-77.2-23.2-129.1-39.1c-28.6-8.7-150.3-10.1-254,39.1 s-91.7-34.4-149.2,0C115.7,118.3,0,39.8,0,39.8V0h1000v36.5c0,0-28.2-18.5-92.1-18.5C810.2,18.1,775.7,67.3,734,67.3z\"\/>\n\t<path class=\"elementor-shape-fill\" d=\"M766.1,28.9c-200-57.5-266,65.5-395.1,19.5C242,1.8,242,5.4,184.8,20.6C128,35.8,132.3,44.9,89.9,52.5C28.6,63.7,0,0,0,0 h1000c0,0-9.9,40.9-83.6,48.1S829.6,47,766.1,28.9z\"\/>\n<\/svg>\t\t<\/div>\n\t\t\t\t<div class=\"elementor-shape elementor-shape-bottom\" aria-hidden=\"true\" data-negative=\"false\">\n\t\t\t<svg xmlns=\"http:\/\/www.w3.org\/2000\/svg\" viewBox=\"0 0 1000 100\" preserveAspectRatio=\"none\">\n\t<path class=\"elementor-shape-fill\" opacity=\"0.33\" d=\"M473,67.3c-203.9,88.3-263.1-34-320.3,0C66,119.1,0,59.7,0,59.7V0h1000v59.7 c0,0-62.1,26.1-94.9,29.3c-32.8,3.3-62.8-12.3-75.8-22.1C806,49.6,745.3,8.7,694.9,4.7S492.4,59,473,67.3z\"\/>\n\t<path class=\"elementor-shape-fill\" opacity=\"0.66\" d=\"M734,67.3c-45.5,0-77.2-23.2-129.1-39.1c-28.6-8.7-150.3-10.1-254,39.1 s-91.7-34.4-149.2,0C115.7,118.3,0,39.8,0,39.8V0h1000v36.5c0,0-28.2-18.5-92.1-18.5C810.2,18.1,775.7,67.3,734,67.3z\"\/>\n\t<path class=\"elementor-shape-fill\" d=\"M766.1,28.9c-200-57.5-266,65.5-395.1,19.5C242,1.8,242,5.4,184.8,20.6C128,35.8,132.3,44.9,89.9,52.5C28.6,63.7,0,0,0,0 h1000c0,0-9.9,40.9-83.6,48.1S829.6,47,766.1,28.9z\"\/>\n<\/svg>\t\t<\/div>\n\t\t\t\t<div class=\"elementor-element elementor-element-ea0e16f elementor-widget elementor-widget-text-editor\" data-id=\"ea0e16f\" data-element_type=\"widget\" data-e-type=\"widget\" data-widget_type=\"text-editor.default\">\n\t\t\t\t\t\t\t\t\t<h3>Angaben gem\u00e4\u00df \u00a7 5 TMG<br \/>Inhaber und verantwortlich f\u00fcr den Inhalt gem\u00e4\u00df \u00a7 55 Abs. 2 RStV<\/h3><p><span style=\"color: #ffffff;\">Peter Hallermann<\/span><br \/><span style=\"color: #ffffff;\">Glockengasse 12<\/span><br \/><span style=\"color: #ffffff;\">67227 Frankenthal<\/span><\/p><p><span style=\"color: #ffffff;\">Telefon: +49(0)1608452683<\/span><br \/><span style=\"color: #ffffff;\">eMail: info@radio-larouge.de<\/span><\/p><h3>Gema und GVL<\/h3><p><span style=\"color: #ffffff;\">GEMA- und GVL-Geb\u00fchren werden durch Laut.fm entrichtet.<\/span><\/p><h3>Hinweis gem\u00e4\u00df Online-Streitbeilegungs-Verordnung<\/h3><p><span style=\"color: #ffffff;\">Nach geltendem Recht sind wir verpflichtet, Verbraucher auf die Existenz der Europ\u00e4ischen Onliner-Streitbeilegungs-Plattform hinzuweisen, die f\u00fcr die Beilegung von Streitigkeiten genutzt werden kann, ohne dass ein Gericht eingeschaltet werden muss. F\u00fcr die Einrichtung der Plattform ist die Europ\u00e4ische Kommission zust\u00e4ndig. Die Europ\u00e4ische Online-Streitbeilegungs-Plattform ist hier zu finden:<\/span><br \/><span style=\"color: #ffffff;\">http:\/\/ec.europa.eu\/odr.<\/span><br \/><span style=\"color: #ffffff;\">Unsere eMail lautet info@radiolarouge.de .<\/span><br \/><span style=\"color: #ffffff;\">Wir weisen darauf hin, dass wir nicht bereit sind, uns am Streitbeilegungsverfahren im Rahmen der Europ\u00e4ischen Online-Streitbeilegungs-Plattform zu beteiligen. Nutzen Sie zur Kontaktaufnahme bitte unsere obige eMail oder Telefonnummer.<\/span><\/p><p><span style=\"color: #ffffff;\">Frankenthal, 15.11.2022<\/span><\/p><p><span style=\"color: #ffffff;\">\u00a0<\/span><\/p>\t\t\t\t\t\t\t\t<\/div>\n\t\t\t\t<div class=\"elementor-element elementor-element-efe927a elementor-widget elementor-widget-proradio-elementor-menu\" data-id=\"efe927a\" data-element_type=\"widget\" data-e-type=\"widget\" data-widget_type=\"proradio-elementor-menu.default\">\n\t\t\t\t<div class=\"elementor-widget-container\">\n\t\t\t\t\t\t\t\t<nav class=\"proradio-menu-horizontal proradio-menu-horizontal--default\">\n\t\t\t\t<div class=\"proradio-menu-horizontal_c\">\n\t\t\t\t\t<ul class=\"proradio-menubar proradio-menubar-default proradio-menustyle-default\">\n\t\t\t\t\t<li id=\"menu-item-6865\" class=\"menu-item menu-item-type-post_type menu-item-object-page menu-item-home menu-item-6865\"><a href=\"https:\/\/radio-larouge.de\/\"><span>Start<\/span><\/a><\/li>\n<li id=\"menu-item-7224\" class=\"menu-item menu-item-type-post_type menu-item-object-page menu-item-7224\"><a href=\"https:\/\/radio-larouge.de\/?page_id=7211\"><span>Unser Team<\/span><\/a><\/li>\n<li id=\"menu-item-6319\" class=\"menu-item menu-item-type-post_type menu-item-object-page menu-item-6319\"><a href=\"https:\/\/radio-larouge.de\/?page_id=4386\"><span>Sendeplan<\/span><\/a><\/li>\n<li id=\"menu-item-7945\" class=\"menu-item menu-item-type-post_type menu-item-object-page menu-item-7945\"><a href=\"https:\/\/radio-larouge.de\/?page_id=7915\"><span>Wunschbox<\/span><\/a><\/li>\n<li id=\"menu-item-7869\" class=\"menu-item menu-item-type-post_type menu-item-object-page menu-item-7869\"><a href=\"https:\/\/radio-larouge.de\/?page_id=7812\"><span>Charts<\/span><\/a><\/li>\n<li id=\"menu-item-6946\" class=\"menu-item menu-item-type-post_type menu-item-object-page menu-item-6946\"><a href=\"https:\/\/radio-larouge.de\/?page_id=4645\"><span>Events<\/span><\/a><\/li>\n<li id=\"menu-item-6074\" class=\"menu-item menu-item-type-post_type menu-item-object-page menu-item-6074\"><a href=\"https:\/\/radio-larouge.de\/?page_id=4698\"><span>Kontakt<\/span><\/a><\/li>\n<li id=\"menu-item-7970\" class=\"menu-item menu-item-type-post_type menu-item-object-page menu-item-7970\"><a href=\"https:\/\/radio-larouge.de\/?page_id=7956\"><span>Impressum<\/span><\/a><\/li>\n\t\t\t\t\t<\/ul>\n\t\t\t\t<\/div>\n\t\t\t<\/nav>\n\t\t\t\t\t\t\t<\/div>\n\t\t\t\t<\/div>\n\t\t\t\t<\/div>\n\t\t\t\t<\/div>\n\t\t","protected":false},"excerpt":{"rendered":"<p>Impressum Angaben gem\u00e4\u00df \u00a7 5 TMGInhaber und verantwortlich f\u00fcr den Inhalt gem\u00e4\u00df \u00a7 55 Abs. 2 RStV Peter HallermannGlockengasse 1267227 Frankenthal Telefon: +49(0)1608452683eMail: info@radio-larouge.de Gema und GVL GEMA- und GVL-Geb\u00fchren werden durch Laut.fm entrichtet. Hinweis gem\u00e4\u00df Online-Streitbeilegungs-Verordnung Nach geltendem Recht sind wir verpflichtet, Verbraucher auf die Existenz der Europ\u00e4ischen Onliner-Streitbeilegungs-Plattform ...<\/p>\n","protected":false},"author":1,"featured_media":0,"parent":0,"menu_order":0,"comment_status":"closed","ping_status":"closed","template":"elementor_header_footer","meta":{"footnotes":""},"class_list":["post-7956","page","type-page","status-publish","hentry"],"jetpack_sharing_enabled":true,"_links":{"self":[{"href":"https:\/\/radio-larouge.de\/index.php?rest_route=\/wp\/v2\/pages\/7956","targetHints":{"allow":["GET"]}}],"collection":[{"href":"https:\/\/radio-larouge.de\/index.php?rest_route=\/wp\/v2\/pages"}],"about":[{"href":"https:\/\/radio-larouge.de\/index.php?rest_route=\/wp\/v2\/types\/page"}],"author":[{"embeddable":true,"href":"https:\/\/radio-larouge.de\/index.php?rest_route=\/wp\/v2\/users\/1"}],"replies":[{"embeddable":true,"href":"https:\/\/radio-larouge.de\/index.php?rest_route=%2Fwp%2Fv2%2Fcomments&post=7956"}],"version-history":[{"count":17,"href":"https:\/\/radio-larouge.de\/index.php?rest_route=\/wp\/v2\/pages\/7956\/revisions"}],"predecessor-version":[{"id":8533,"href":"https:\/\/radio-larouge.de\/index.php?rest_route=\/wp\/v2\/pages\/7956\/revisions\/8533"}],"wp:attachment":[{"href":"https:\/\/radio-larouge.de\/index.php?rest_route=%2Fwp%2Fv2%2Fmedia&parent=7956"}],"curies":[{"name":"wp","href":"https:\/\/api.w.org\/{rel}","templated":true}]}}